{"id":184,"date":"2020-04-04T19:05:26","date_gmt":"2020-04-04T19:05:26","guid":{"rendered":"https:\/\/www.cuarzosolutions.site\/?post_type=product&#038;p=184"},"modified":"2024-10-06T04:22:19","modified_gmt":"2024-10-06T02:22:19","slug":"cesped-jardin","status":"publish","type":"product","link":"https:\/\/www.cuarzosolutions.site\/?product=cesped-jardin","title":{"rendered":"CESPED JARDIN"},"content":{"rendered":"<p><img fetchpriority=\"high\" decoding=\"async\" class=\"wp-image-483 aligncenter\" src=\"https:\/\/www.cuarzosolutions.site\/wp-content\/uploads\/2020\/03\/58BED42B-1C58-4539-A2D1-483EDC6472BC_4_5005_c-300x78.jpeg\" alt=\"\" width=\"454\" height=\"118\" srcset=\"https:\/\/www.cuarzosolutions.site\/wp-content\/uploads\/2020\/03\/58BED42B-1C58-4539-A2D1-483EDC6472BC_4_5005_c-300x78.jpeg 300w, https:\/\/www.cuarzosolutions.site\/wp-content\/uploads\/2020\/03\/58BED42B-1C58-4539-A2D1-483EDC6472BC_4_5005_c.jpeg 482w\" sizes=\"(max-width: 454px) 100vw, 454px\" \/><\/p>\n<p>&nbsp;<\/p>\n<p>&nbsp;<\/p>\n<p>&nbsp;<\/p>\n<p><img decoding=\"async\" class=\"aligncenter wp-image-484 size-full\" src=\"https:\/\/www.cuarzosolutions.site\/wp-content\/uploads\/2020\/04\/22060001_1_2.jpg\" alt=\"\" width=\"1080\" height=\"1080\" srcset=\"https:\/\/www.cuarzosolutions.site\/wp-content\/uploads\/2020\/04\/22060001_1_2.jpg 1080w, https:\/\/www.cuarzosolutions.site\/wp-content\/uploads\/2020\/04\/22060001_1_2-300x300.jpg 300w, https:\/\/www.cuarzosolutions.site\/wp-content\/uploads\/2020\/04\/22060001_1_2-1024x1024.jpg 1024w, https:\/\/www.cuarzosolutions.site\/wp-content\/uploads\/2020\/04\/22060001_1_2-150x150.jpg 150w, https:\/\/www.cuarzosolutions.site\/wp-content\/uploads\/2020\/04\/22060001_1_2-768x768.jpg 768w, https:\/\/www.cuarzosolutions.site\/wp-content\/uploads\/2020\/04\/22060001_1_2-600x600.jpg 600w, https:\/\/www.cuarzosolutions.site\/wp-content\/uploads\/2020\/04\/22060001_1_2-100x100.jpg 100w\" sizes=\"(max-width: 1080px) 100vw, 1080px\" \/><\/p>\n<h1><strong>Ventajas del c\u00e9sped artificial<\/strong><\/h1>\n<p>&nbsp;<\/p>\n<p>El c\u00e9sped artificial es un producto que va teniendo m\u00e1s y m\u00e1s aceptaci\u00f3n con el paso del tiempo en la decoraci\u00f3n y el paisajismo.<\/p>\n<p>Cumple perfectamente con las necesidades del que lo instala, reportando un<strong>\u00a0resultado excelente<\/strong>.<\/p>\n<p>El c\u00e9sped artificial luce un\u00a0<strong>aspecto impecable\u00a0<\/strong>y muy<strong>\u00a0realista,<\/strong> apenas puede diferenciarse a simple vista del natural.<\/p>\n<p>&nbsp;<\/p>\n<h3 class=\"et_pb_toggle_title\">1. Ahorro de tiempo y de dinero<\/h3>\n<p>Con el c\u00e9sped artificial se reduce significativamente el <strong>mantenimiento<\/strong>\u00a0necesario para que el aspecto de tu jard\u00edn sea estupendo. Apenas se riega.<strong>\u00a0<\/strong>Nunca se<b>\u00a0<\/b>corta\u00a0ni se abona. Por lo tanto, supone un\u00a0<strong>ahorro considerable<\/strong>\u00a0de agua y otros recursos que con c\u00e9sped natural tendr\u00edamos que utilizar para conservarlo en buen estado. Del mismo modo, el tiempo invertido en su mantenimiento es apenas inexistente.<\/p>\n<h3><strong>2. Se puede instalar en cualquier superficie<\/strong><\/h3>\n<p>El c\u00e9sped artificial de Cuarzo vector solutions sl se puede instalar sobre tierra, hormig\u00f3n o cemento, baldosa\u2026 Tambi\u00e9n es cada vez m\u00e1s habitual verlo instalado en paredes o decorando todo tipo de negocios, por lo que, en definitiva, el c\u00e9sped se puede colocar sobre pr\u00e1cticamente <strong>cualquier superficie.<\/strong><\/p>\n<h3 class=\"et_pb_toggle_title\">3. Apariencia perfecta todo el a\u00f1o<\/h3>\n<p>Apariencia y aspecto siempre\u00a0<strong>realista y agradable,<\/strong>\u00a0apenas diferenciable del c\u00e9sped natural a simple vista<strong>.\u00a0<\/strong>Muchos modelos se caracterizan tambi\u00e9n por su suavidad, caracter\u00edstica a tener en cuenta si se tienen ni\u00f1os, especialmente.<strong>\u00a0<\/strong>Su color est\u00e1 garantizado durante a\u00f1os.<\/p>\n<h3 class=\"et_pb_toggle_title\">4. Gran capacidad de drenaje<\/h3>\n<p><strong>Resistente\u00a0<\/strong>ante las inclemencias del tiempo: lluvia, sol, nieve o heladas. Gran capacidad de\u00a0<strong>drenaje<\/strong>, as\u00ed que si la superficie antes de instalar el c\u00e9sped artificial no se encharcaba, ahora tampoco lo har\u00e1. De hecho, el c\u00e9sped artificial de Cuarzo vector solutions sl drena entre 50 y 60L por metro cuadrado cada minuto.<\/p>\n<h3 class=\"et_pb_toggle_title\">5. Es un producto limpio e higi\u00e9nico<\/h3>\n<p>No produce\u00a0<strong>ning\u00fan problema de salud<\/strong>, ni irritaciones, ni reacciones al\u00e9rgicas de ning\u00fan tipo.<\/p>\n<p>A diferencia del c\u00e9sped natural, el c\u00e9sped artificial\u00a0<strong>no acumula bacterias,<\/strong>\u00a0\u00e1caros, insectos o gusanos, ya que al ser artificial no les atrae tanto la superficie.<\/p>\n<h3 class=\"et_pb_toggle_title\">6. Es id\u00f3neo para instalarse alrededor de piscinas<\/h3>\n<p>Alrededor de una\u00a0<strong>piscina<\/strong>, es<strong>\u00a0antideslizante<\/strong>\u00a0y adem\u00e1s, es muy resistente a productos qu\u00edmicos: no le afecta el<strong>\u00a0cloro.\u00a0<\/strong>Es decir, nuestro c\u00e9sped no se decolora ni sus fibras se deterioran aunque est\u00e9 pegado a la piscina.<\/p>\n<h3 class=\"et_pb_toggle_title\">7. Apto para animales dom\u00e9sticos<\/h3>\n<p>Compatible con todo tipo de mascotas y\u00a0animales dom\u00e9sticos. Tenemos modelos de\u00a0c\u00e9sped artificial para perros,\u00a0gatos, etc.<\/p>\n<p>La acidez de su orina no los da\u00f1a y es muy f\u00e1cil limpiar el c\u00e9sped si\u00a0<strong>tu mascota hace sus necesidades<\/strong>\u00a0encima.\u00a0<strong>Admite limpieza<\/strong>\u00a0con productos no abrasivos, en casos extremos se pueden aplicar, siempre y cuando se diluyan significativamente.<\/p>\n<h3 class=\"et_pb_toggle_title\">8. Recomendado para uso infantil<\/h3>\n<p>Producto<strong>\u00a0id\u00f3neo para ni\u00f1os<\/strong>\u00a0y uso infantil en general. Nuestro c\u00e9sped artificial es perfecto para instalarse en viviendas de familias con hijos, guarder\u00edas, colegios, espacios de ocio, etc.<\/p>\n<h3 class=\"et_pb_toggle_title\">9. F\u00e1cil instalaci\u00f3n<\/h3>\n<p>Es muy f\u00e1cil realizar la instalaci\u00f3n de c\u00e9sped artificial, especialmente sobre\u00a0hormig\u00f3n\u00a0y\u00a0baldosa.\u00a0En ocasiones,<b>\u00a0instalar sobre<\/b>\u00a0<strong>tierra<\/strong>\u00a0es m\u00e1s complicado, ya que dependiendo del terreno ser\u00eda necesario obra menor (duraci\u00f3n m\u00e1xima dos d\u00edas), en el resto de lugares mencionados lo puede instalar cualquier persona, sin la necesidad de ser un profesional.<\/p>\n<p>De todos modos, en Cuarzo vector solutions sl contamos con <strong>instaladores profesionales<\/strong>\u00a0que pueden llevarla a cabo sin ning\u00fan problema.<\/p>\n<h3 class=\"et_pb_toggle_title\">10. Econ\u00f3mico y sostenible<\/h3>\n<p>El c\u00e9sped artificial no necesita riego, por lo que se ahorrar\u00e1 el 100% del agua gastada anteriormente en el mantenimiento del c\u00e9sped artificial. Tampoco requiere ning\u00fan abono ni producto qu\u00edmico como fertilizantes, se deja de contaminar el suelo.<\/p>\n<p>&nbsp;<\/p>\n<h2 style=\"text-align: center;\"><strong>Ventajas exclusivas de comprar en Cuarzo vector solutions sl<\/strong><\/h2>\n<p>&nbsp;<\/p>\n<p>&nbsp;<\/p>\n<ul>\n<li><strong>Instalaci\u00f3n en toda Espa\u00f1a:\u00a0<\/strong>aunque nuestra central est\u00e1 en Barcelona, servimos e instalamos en todo el pa\u00eds.<\/li>\n<\/ul>\n<ul>\n<li><strong>Garant\u00eda de Calidad:\u00a0<\/strong>en Cuarzo vector solutions sl, le ofrecemos una garant\u00eda de <strong>12\u00a0a\u00f1os\u00a0<\/strong>para cualquiera de nuestros modelos.<\/li>\n<\/ul>\n<ul>\n<li><strong>Atenci\u00f3n al cliente:<\/strong>\u00a0t\u00e9cnicos especializados que le asesoran sobre productos e instalaciones cuando lo necesite.<\/li>\n<\/ul>\n<ul>\n<li><strong>Rapidez:<\/strong>\u00a0Env\u00edo de los productos y\u00a0<strong>muestras\u00a0<\/strong><strong>gratuitas<\/strong><strong>\u00a0en 24\/48h<\/strong>\u00a0a cualquier punto de la pen\u00ednsula. Tambi\u00e9n enviamos a islas.<\/li>\n<\/ul>\n<ul>\n<li><strong>Certificados y ensayos<\/strong>: Somos el \u00fanico fabricante que cuenta con modelos certificados como id\u00f3neos para\u00a0<strong>uso infantil y animales<\/strong>. Tenemos ensayos t\u00e9cnicos que avalan todas las propiedades y caracter\u00edsticas que exponemos.<\/li>\n<\/ul>\n<p>&nbsp;<\/p>\n","protected":false},"excerpt":{"rendered":"<p>&nbsp; &nbsp; &nbsp; Ventajas del c\u00e9sped artificial &nbsp; El c\u00e9sped artificial es un producto que va teniendo m\u00e1s y m\u00e1s aceptaci\u00f3n con el paso del tiempo en la decoraci\u00f3n y el paisajismo. Cumple perfectamente con las necesidades del que lo instala, reportando un\u00a0resultado excelente. El c\u00e9sped artificial luce un\u00a0aspecto impecable\u00a0y muy\u00a0realista, apenas puede diferenciarse a [&hellip;]<\/p>\n","protected":false},"featured_media":485,"comment_status":"open","ping_status":"closed","template":"","meta":{"site-sidebar-layout":"right-sidebar","site-content-layout":"default","ast-site-content-layout":"","site-content-style":"default","site-sidebar-style":"default","ast-global-header-display":"","ast-banner-title-visibility":"","ast-main-header-display":"","ast-hfb-above-header-display":"","ast-hfb-below-header-display":"","ast-hfb-mobile-header-display":"","site-post-title":"","ast-breadcrumbs-content":"","ast-featured-img":"","footer-sml-layout":"","theme-transparent-header-meta":"default","adv-header-id-meta":"","stick-header-meta":"","header-above-stick-meta":"","header-main-stick-meta":"","header-below-stick-meta":"","astra-migrate-meta-layouts":"default","ast-page-background-enabled":"default","ast-page-background-meta":{"desktop":{"background-color":"","background-image":"","background-repeat":"repeat","background-position":"center center","background-size":"auto","background-attachment":"scroll","background-type":"","background-media":"","overlay-type":"","overlay-color":"","overlay-opacity":"","overlay-gradient":""},"tablet":{"background-color":"","background-image":"","background-repeat":"repeat","background-position":"center center","background-size":"auto","background-attachment":"scroll","background-type":"","background-media":"","overlay-type":"","overlay-color":"","overlay-opacity":"","overlay-gradient":""},"mobile":{"background-color":"","background-image":"","background-repeat":"repeat","background-position":"center center","background-size":"auto","background-attachment":"scroll","background-type":"","background-media":"","overlay-type":"","overlay-color":"","overlay-opacity":"","overlay-gradient":""}},"ast-content-background-meta":{"desktop":{"background-color":"var(--ast-global-color-5)","background-image":"","background-repeat":"repeat","background-position":"center center","background-size":"auto","background-attachment":"scroll","background-type":"","background-media":"","overlay-type":"","overlay-color":"","overlay-opacity":"","overlay-gradient":""},"tablet":{"background-color":"var(--ast-global-color-5)","background-image":"","background-repeat":"repeat","background-position":"center center","background-size":"auto","background-attachment":"scroll","background-type":"","background-media":"","overlay-type":"","overlay-color":"","overlay-opacity":"","overlay-gradient":""},"mobile":{"background-color":"var(--ast-global-color-5)","background-image":"","background-repeat":"repeat","background-position":"center center","background-size":"auto","background-attachment":"scroll","background-type":"","background-media":"","overlay-type":"","overlay-color":"","overlay-opacity":"","overlay-gradient":""}},"_joinchat":[]},"product_cat":[18,19,21,24],"product_tag":[25],"yoast_head":"<!-- This site is optimized with the Yoast SEO plugin v22.8 - https:\/\/yoast.com\/wordpress\/plugins\/seo\/ -->\n<title>CESPED JARDIN - https:\/\/WWW.CUARZO VECTOR SOLUTIONS , SL<\/title>\n<meta name=\"robots\" content=\"index, follow, max-snippet:-1, max-image-preview:large, max-video-preview:-1\" \/>\n<link rel=\"canonical\" href=\"https:\/\/www.cuarzosolutions.site\/?product=cesped-jardin\" \/>\n<meta property=\"og:locale\" content=\"es_ES\" \/>\n<meta property=\"og:type\" content=\"article\" \/>\n<meta property=\"og:title\" content=\"CESPED JARDIN - https:\/\/WWW.CUARZO VECTOR SOLUTIONS , SL\" \/>\n<meta property=\"og:description\" content=\"&nbsp; &nbsp; &nbsp; Ventajas del c\u00e9sped artificial &nbsp; El c\u00e9sped artificial es un producto que va teniendo m\u00e1s y m\u00e1s aceptaci\u00f3n con el paso del tiempo en la decoraci\u00f3n y el paisajismo. Cumple perfectamente con las necesidades del que lo instala, reportando un\u00a0resultado excelente. El c\u00e9sped artificial luce un\u00a0aspecto impecable\u00a0y muy\u00a0realista, apenas puede diferenciarse a [&hellip;]\" \/>\n<meta property=\"og:url\" content=\"https:\/\/www.cuarzosolutions.site\/?product=cesped-jardin\" \/>\n<meta property=\"og:site_name\" content=\"https:\/\/WWW.CUARZO VECTOR SOLUTIONS , SL\" \/>\n<meta property=\"article:modified_time\" content=\"2024-10-06T02:22:19+00:00\" \/>\n<meta property=\"og:image\" content=\"https:\/\/www.cuarzosolutions.site\/wp-content\/uploads\/2020\/04\/images-2.jpeg\" \/>\n\t<meta property=\"og:image:width\" content=\"336\" \/>\n\t<meta property=\"og:image:height\" content=\"336\" \/>\n\t<meta property=\"og:image:type\" content=\"image\/jpeg\" \/>\n<meta name=\"twitter:card\" content=\"summary_large_image\" \/>\n<meta name=\"twitter:label1\" content=\"Tiempo de lectura\" \/>\n\t<meta name=\"twitter:data1\" content=\"4 minutos\" \/>\n<script type=\"application\/ld+json\" class=\"yoast-schema-graph\">{\"@context\":\"https:\/\/schema.org\",\"@graph\":[{\"@type\":\"WebPage\",\"@id\":\"https:\/\/www.cuarzosolutions.site\/?product=cesped-jardin\",\"url\":\"https:\/\/www.cuarzosolutions.site\/?product=cesped-jardin\",\"name\":\"CESPED JARDIN - https:\/\/WWW.CUARZO VECTOR SOLUTIONS , SL\",\"isPartOf\":{\"@id\":\"https:\/\/www.cuarzosolutions.site\/#website\"},\"primaryImageOfPage\":{\"@id\":\"https:\/\/www.cuarzosolutions.site\/?product=cesped-jardin#primaryimage\"},\"image\":{\"@id\":\"https:\/\/www.cuarzosolutions.site\/?product=cesped-jardin#primaryimage\"},\"thumbnailUrl\":\"https:\/\/www.cuarzosolutions.site\/wp-content\/uploads\/2020\/04\/images-2.jpeg\",\"datePublished\":\"2020-04-04T19:05:26+00:00\",\"dateModified\":\"2024-10-06T02:22:19+00:00\",\"breadcrumb\":{\"@id\":\"https:\/\/www.cuarzosolutions.site\/?product=cesped-jardin#breadcrumb\"},\"inLanguage\":\"es\",\"potentialAction\":[{\"@type\":\"ReadAction\",\"target\":[\"https:\/\/www.cuarzosolutions.site\/?product=cesped-jardin\"]}]},{\"@type\":\"ImageObject\",\"inLanguage\":\"es\",\"@id\":\"https:\/\/www.cuarzosolutions.site\/?product=cesped-jardin#primaryimage\",\"url\":\"https:\/\/www.cuarzosolutions.site\/wp-content\/uploads\/2020\/04\/images-2.jpeg\",\"contentUrl\":\"https:\/\/www.cuarzosolutions.site\/wp-content\/uploads\/2020\/04\/images-2.jpeg\",\"width\":336,\"height\":336},{\"@type\":\"BreadcrumbList\",\"@id\":\"https:\/\/www.cuarzosolutions.site\/?product=cesped-jardin#breadcrumb\",\"itemListElement\":[{\"@type\":\"ListItem\",\"position\":1,\"name\":\"Portada\",\"item\":\"https:\/\/www.cuarzosolutions.site\/\"},{\"@type\":\"ListItem\",\"position\":2,\"name\":\"Productos\",\"item\":\"https:\/\/www.cuarzosolutions.site\/?page_id=176\"},{\"@type\":\"ListItem\",\"position\":3,\"name\":\"CESPED JARDIN\"}]},{\"@type\":\"WebSite\",\"@id\":\"https:\/\/www.cuarzosolutions.site\/#website\",\"url\":\"https:\/\/www.cuarzosolutions.site\/\",\"name\":\"https:\/\/WWW.CUARZO VECTOR SOLUTIONS , SL\",\"description\":\"https:\/\/WWW.CUARZO VECTOR SOLUTIONS , SL\",\"publisher\":{\"@id\":\"https:\/\/www.cuarzosolutions.site\/#organization\"},\"potentialAction\":[{\"@type\":\"SearchAction\",\"target\":{\"@type\":\"EntryPoint\",\"urlTemplate\":\"https:\/\/www.cuarzosolutions.site\/?s={search_term_string}\"},\"query-input\":\"required name=search_term_string\"}],\"inLanguage\":\"es\"},{\"@type\":\"Organization\",\"@id\":\"https:\/\/www.cuarzosolutions.site\/#organization\",\"name\":\"https:\/\/WWW.CUARZO VECTOR SOLUTIONS , SL\",\"url\":\"https:\/\/www.cuarzosolutions.site\/\",\"logo\":{\"@type\":\"ImageObject\",\"inLanguage\":\"es\",\"@id\":\"https:\/\/www.cuarzosolutions.site\/#\/schema\/logo\/image\/\",\"url\":\"https:\/\/www.cuarzosolutions.site\/wp-content\/uploads\/2021\/03\/cropped-cropped-logo.jpg\",\"contentUrl\":\"https:\/\/www.cuarzosolutions.site\/wp-content\/uploads\/2021\/03\/cropped-cropped-logo.jpg\",\"width\":1097,\"height\":278,\"caption\":\"https:\/\/WWW.CUARZO VECTOR SOLUTIONS , SL\"},\"image\":{\"@id\":\"https:\/\/www.cuarzosolutions.site\/#\/schema\/logo\/image\/\"}}]}<\/script>\n<!-- \/ Yoast SEO plugin. -->","yoast_head_json":{"title":"CESPED JARDIN - https:\/\/WWW.CUARZO VECTOR SOLUTIONS , SL","robots":{"index":"index","follow":"follow","max-snippet":"max-snippet:-1","max-image-preview":"max-image-preview:large","max-video-preview":"max-video-preview:-1"},"canonical":"https:\/\/www.cuarzosolutions.site\/?product=cesped-jardin","og_locale":"es_ES","og_type":"article","og_title":"CESPED JARDIN - https:\/\/WWW.CUARZO VECTOR SOLUTIONS , SL","og_description":"&nbsp; &nbsp; &nbsp; Ventajas del c\u00e9sped artificial &nbsp; El c\u00e9sped artificial es un producto que va teniendo m\u00e1s y m\u00e1s aceptaci\u00f3n con el paso del tiempo en la decoraci\u00f3n y el paisajismo. Cumple perfectamente con las necesidades del que lo instala, reportando un\u00a0resultado excelente. El c\u00e9sped artificial luce un\u00a0aspecto impecable\u00a0y muy\u00a0realista, apenas puede diferenciarse a [&hellip;]","og_url":"https:\/\/www.cuarzosolutions.site\/?product=cesped-jardin","og_site_name":"https:\/\/WWW.CUARZO VECTOR SOLUTIONS , SL","article_modified_time":"2024-10-06T02:22:19+00:00","og_image":[{"width":336,"height":336,"url":"https:\/\/www.cuarzosolutions.site\/wp-content\/uploads\/2020\/04\/images-2.jpeg","type":"image\/jpeg"}],"twitter_card":"summary_large_image","twitter_misc":{"Tiempo de lectura":"4 minutos"},"schema":{"@context":"https:\/\/schema.org","@graph":[{"@type":"WebPage","@id":"https:\/\/www.cuarzosolutions.site\/?product=cesped-jardin","url":"https:\/\/www.cuarzosolutions.site\/?product=cesped-jardin","name":"CESPED JARDIN - https:\/\/WWW.CUARZO VECTOR SOLUTIONS , SL","isPartOf":{"@id":"https:\/\/www.cuarzosolutions.site\/#website"},"primaryImageOfPage":{"@id":"https:\/\/www.cuarzosolutions.site\/?product=cesped-jardin#primaryimage"},"image":{"@id":"https:\/\/www.cuarzosolutions.site\/?product=cesped-jardin#primaryimage"},"thumbnailUrl":"https:\/\/www.cuarzosolutions.site\/wp-content\/uploads\/2020\/04\/images-2.jpeg","datePublished":"2020-04-04T19:05:26+00:00","dateModified":"2024-10-06T02:22:19+00:00","breadcrumb":{"@id":"https:\/\/www.cuarzosolutions.site\/?product=cesped-jardin#breadcrumb"},"inLanguage":"es","potentialAction":[{"@type":"ReadAction","target":["https:\/\/www.cuarzosolutions.site\/?product=cesped-jardin"]}]},{"@type":"ImageObject","inLanguage":"es","@id":"https:\/\/www.cuarzosolutions.site\/?product=cesped-jardin#primaryimage","url":"https:\/\/www.cuarzosolutions.site\/wp-content\/uploads\/2020\/04\/images-2.jpeg","contentUrl":"https:\/\/www.cuarzosolutions.site\/wp-content\/uploads\/2020\/04\/images-2.jpeg","width":336,"height":336},{"@type":"BreadcrumbList","@id":"https:\/\/www.cuarzosolutions.site\/?product=cesped-jardin#breadcrumb","itemListElement":[{"@type":"ListItem","position":1,"name":"Portada","item":"https:\/\/www.cuarzosolutions.site\/"},{"@type":"ListItem","position":2,"name":"Productos","item":"https:\/\/www.cuarzosolutions.site\/?page_id=176"},{"@type":"ListItem","position":3,"name":"CESPED JARDIN"}]},{"@type":"WebSite","@id":"https:\/\/www.cuarzosolutions.site\/#website","url":"https:\/\/www.cuarzosolutions.site\/","name":"https:\/\/WWW.CUARZO VECTOR SOLUTIONS , SL","description":"https:\/\/WWW.CUARZO VECTOR SOLUTIONS , SL","publisher":{"@id":"https:\/\/www.cuarzosolutions.site\/#organization"},"potentialAction":[{"@type":"SearchAction","target":{"@type":"EntryPoint","urlTemplate":"https:\/\/www.cuarzosolutions.site\/?s={search_term_string}"},"query-input":"required name=search_term_string"}],"inLanguage":"es"},{"@type":"Organization","@id":"https:\/\/www.cuarzosolutions.site\/#organization","name":"https:\/\/WWW.CUARZO VECTOR SOLUTIONS , SL","url":"https:\/\/www.cuarzosolutions.site\/","logo":{"@type":"ImageObject","inLanguage":"es","@id":"https:\/\/www.cuarzosolutions.site\/#\/schema\/logo\/image\/","url":"https:\/\/www.cuarzosolutions.site\/wp-content\/uploads\/2021\/03\/cropped-cropped-logo.jpg","contentUrl":"https:\/\/www.cuarzosolutions.site\/wp-content\/uploads\/2021\/03\/cropped-cropped-logo.jpg","width":1097,"height":278,"caption":"https:\/\/WWW.CUARZO VECTOR SOLUTIONS , SL"},"image":{"@id":"https:\/\/www.cuarzosolutions.site\/#\/schema\/logo\/image\/"}}]}},"_links":{"self":[{"href":"https:\/\/www.cuarzosolutions.site\/index.php?rest_route=\/wp\/v2\/product\/184"}],"collection":[{"href":"https:\/\/www.cuarzosolutions.site\/index.php?rest_route=\/wp\/v2\/product"}],"about":[{"href":"https:\/\/www.cuarzosolutions.site\/index.php?rest_route=\/wp\/v2\/types\/product"}],"replies":[{"embeddable":true,"href":"https:\/\/www.cuarzosolutions.site\/index.php?rest_route=%2Fwp%2Fv2%2Fcomments&post=184"}],"version-history":[{"count":1,"href":"https:\/\/www.cuarzosolutions.site\/index.php?rest_route=\/wp\/v2\/product\/184\/revisions"}],"predecessor-version":[{"id":503,"href":"https:\/\/www.cuarzosolutions.site\/index.php?rest_route=\/wp\/v2\/product\/184\/revisions\/503"}],"wp:featuredmedia":[{"embeddable":true,"href":"https:\/\/www.cuarzosolutions.site\/index.php?rest_route=\/wp\/v2\/media\/485"}],"wp:attachment":[{"href":"https:\/\/www.cuarzosolutions.site\/index.php?rest_route=%2Fwp%2Fv2%2Fmedia&parent=184"}],"wp:term":[{"taxonomy":"product_cat","embeddable":true,"href":"https:\/\/www.cuarzosolutions.site\/index.php?rest_route=%2Fwp%2Fv2%2Fproduct_cat&post=184"},{"taxonomy":"product_tag","embeddable":true,"href":"https:\/\/www.cuarzosolutions.site\/index.php?rest_route=%2Fwp%2Fv2%2Fproduct_tag&post=184"}],"curies":[{"name":"wp","href":"https:\/\/api.w.org\/{rel}","templated":true}]}}