{"id":587,"date":"2020-04-10T20:34:38","date_gmt":"2020-04-10T18:34:38","guid":{"rendered":"https:\/\/www.cuarzosolutions.site\/?page_id=587"},"modified":"2021-03-24T18:14:06","modified_gmt":"2021-03-24T17:14:06","slug":"cuarzo-vector-solutions-s-l","status":"publish","type":"page","link":"https:\/\/www.cuarzosolutions.site\/?page_id=587","title":{"rendered":"Cuarzo Vector Solutions s.l"},"content":{"rendered":"<p>&nbsp;<\/p>\n<p>&nbsp;<\/p>\n<p><img fetchpriority=\"high\" decoding=\"async\" class=\" wp-image-675 aligncenter\" src=\"https:\/\/www.cuarzosolutions.site\/wp-content\/uploads\/2021\/03\/logo-300x116.jpg\" alt=\"\" width=\"448\" height=\"173\" srcset=\"https:\/\/www.cuarzosolutions.site\/wp-content\/uploads\/2021\/03\/logo-300x116.jpg 300w, https:\/\/www.cuarzosolutions.site\/wp-content\/uploads\/2021\/03\/logo-1024x397.jpg 1024w, https:\/\/www.cuarzosolutions.site\/wp-content\/uploads\/2021\/03\/logo-768x298.jpg 768w, https:\/\/www.cuarzosolutions.site\/wp-content\/uploads\/2021\/03\/logo-600x233.jpg 600w, https:\/\/www.cuarzosolutions.site\/wp-content\/uploads\/2021\/03\/logo.jpg 1500w\" sizes=\"(max-width: 448px) 100vw, 448px\" \/><\/p>\n<p>&nbsp;<\/p>\n<p><a href=\"https:\/\/www.cuarzosolutions.site\"><img decoding=\"async\" class=\" wp-image-673 aligncenter\" src=\"https:\/\/www.cuarzosolutions.site\/wp-content\/uploads\/2021\/03\/instalaciones-2-300x33.jpg\" alt=\"\" width=\"564\" height=\"62\" srcset=\"https:\/\/www.cuarzosolutions.site\/wp-content\/uploads\/2021\/03\/instalaciones-2-300x33.jpg 300w, https:\/\/www.cuarzosolutions.site\/wp-content\/uploads\/2021\/03\/instalaciones-2-1024x111.jpg 1024w, https:\/\/www.cuarzosolutions.site\/wp-content\/uploads\/2021\/03\/instalaciones-2-768x83.jpg 768w, https:\/\/www.cuarzosolutions.site\/wp-content\/uploads\/2021\/03\/instalaciones-2-600x65.jpg 600w, https:\/\/www.cuarzosolutions.site\/wp-content\/uploads\/2021\/03\/instalaciones-2.jpg 1500w\" sizes=\"(max-width: 564px) 100vw, 564px\" \/><\/a><\/p>\n<p>&nbsp;<\/p>\n<p>&nbsp;<\/p>\n<h5 class=\"elementor-heading-title elementor-size-medium\" style=\"text-align: center;\">Bienvenido al c\u00e9sped artificial del futuro. Cuarzo Vector Solutions sl, dispone de los modelos de c\u00e9sped artificial m\u00e1s modernos de la actualidad. Es puro realismo y resistencia, a la vez que suavidad y con la \u00faltima tecnolog\u00eda en recuperaci\u00f3n de la pisada.<\/h5>\n<p>&nbsp;<\/p>\n<ul>\n<li style=\"text-align: left;\">En la actualidad existen much\u00edsimos tipos de c\u00e9sped artificial, por eso si usted se ha planteado la posibilidad de comprar c\u00e9sped es posible que ande algo desorientado. En el presente art\u00edculo queremos darle algunas pautas para ayudarle en la elecci\u00f3n del mismo.\u00a0 \u00a0Como es l\u00f3gico usted cuenta con un presupuesto al que quiere ajustarse lo m\u00e1s posible, por tanto debe saber que existen c\u00e9spedes de muy distintas calidades y que se adec\u00faan cada uno a diferentes situaciones. La gama m\u00e1s econ\u00f3mica puede servir para zonas donde vaya a haber mucho tr\u00e1fico de personas o para jardines a los que se vaya a dar mucha \u201cbatalla\u201d (juegos, mascotas\u2026).\u00a0 \u00a0Suele ser un c\u00e9sped m\u00e1s duro, por lo que se presta menos a deformaciones. Tambi\u00e9n por la misma raz\u00f3n es algo m\u00e1s f\u00e1cil de limpiar.\u00a0 \u00a0Son modelos con menos naturalidad y suelen brillar al llevar un polietileno menos concentrado y con algo menos de calidad. Los c\u00e9spedes de gama media a menudo llevan una capa de silicona, por lo que son m\u00e1s suaves. Tienen adem\u00e1s un aspecto m\u00e1s natural, parecido al de la hierba por lo que pueden ser los ideales para su jard\u00edn. Una altura de 25 a 30 mm y poseen hilo rizado marr\u00f3n imitando a las hebras quemadas, elemento que lo asemeja al real. Los c\u00e9spedes de gama alta, pueden llegar a duplicar el precio de uno de gama econ\u00f3mica, sin embargo puede ser el c\u00e9sped ideal, un c\u00e9sped confortable para los ni\u00f1os o simplemente un c\u00e9sped realista dif\u00edcil de diferenciar del c\u00e9sped natural.\u00a0 cesped-fibra Para saber la calidad de un c\u00e9sped usted debe fijarse en la altura del mismo, m\u00e1s densidad de fibra o \u201cDtex\u201d, m\u00e1s altura, mayor n\u00famero de puntadas y mayor capacidad de restauraci\u00f3n tras una pisada, A \u00e9sta caracter\u00edstica tambi\u00e9n se le llama \u201cMemoria Vertical\u201d.\u00a0 \u00a0En definitiva mayor calidad de producto. Otro factor, por supuesto es el realismo alcanzado con respecto al c\u00e9sped natural. Estos modelos tienen una durabilidad superior y en mejores prestaciones. Entre 8 y 12 a\u00f1os. Puede ser tambi\u00e9n que usted necesite c\u00e9sped artificial para alg\u00fan deporte tal como el p\u00e1del, f\u00fatbol, rugby, tenis o golf. En ese caso debe saber que existen c\u00e9spedes elaborados espec\u00edficamente para estos cometidos, optimizados adem\u00e1s para ofrecerle una buena experiencia de juego y minimizar el riesgo de lesiones. Una buena idea es pedir muestras de c\u00e9sped artificial para que usted pueda decidir cu\u00e1l es la textura que m\u00e1s le convence.\u00a0 \u00a0En\u00a0 \u00a0<a href=\"https:\/\/www.cuarzosolutions.site\/\">Cuarzo Solutions SL<\/a>\u00a0 \u00a0 podemos ofrecerle estas muestras y tambi\u00e9n ayudarle y asesorarle en su decisi\u00f3n.<\/li>\n<\/ul>\n<h1><strong>Ventajas del c\u00e9sped artificial<\/strong><\/h1>\n<p>&nbsp;<\/p>\n<p>El c\u00e9sped artificial es un producto que va teniendo m\u00e1s y m\u00e1s aceptaci\u00f3n con el paso del tiempo en la decoraci\u00f3n y el paisajismo.<\/p>\n<p>Cumple perfectamente con las necesidades del que lo instala, reportando un<strong>\u00a0resultado excelente<\/strong>.<\/p>\n<p>El c\u00e9sped artificial luce un\u00a0<strong>aspecto impecable\u00a0<\/strong>y muy<strong>\u00a0realista,<\/strong>\u00a0apenas puede diferenciarse a simple vista del natural.<\/p>\n<p>&nbsp;<\/p>\n<h3 class=\"et_pb_toggle_title\">1. Ahorro de tiempo y de dinero<\/h3>\n<p>Con el c\u00e9sped artificial se reduce significativamente el\u00a0<strong>mantenimiento<\/strong>\u00a0necesario para que el aspecto de tu jard\u00edn sea estupendo. Apenas se riega.<strong>\u00a0<\/strong>Nunca se<b>\u00a0<\/b>corta\u00a0ni se abona. Por lo tanto, supone un\u00a0<strong>ahorro considerable<\/strong>\u00a0de agua y otros recursos que con c\u00e9sped natural tendr\u00edamos que utilizar para conservarlo en buen estado. Del mismo modo, el tiempo invertido en su mantenimiento es apenas inexistente.<\/p>\n<h3><strong>2. Se puede instalar en cualquier superficie<\/strong><\/h3>\n<p>El c\u00e9sped artificial de Cuarzo vector solutions sl se puede instalar sobre tierra, hormig\u00f3n o cemento, baldosa\u2026 Tambi\u00e9n es cada vez m\u00e1s habitual verlo instalado en paredes o decorando todo tipo de negocios, por lo que, en definitiva, el c\u00e9sped se puede colocar sobre pr\u00e1cticamente\u00a0<strong>cualquier superficie.<\/strong><\/p>\n<h3 class=\"et_pb_toggle_title\">3. Apariencia perfecta todo el a\u00f1o<\/h3>\n<p>Apariencia y aspecto siempre\u00a0<strong>realista y agradable,<\/strong>\u00a0apenas diferenciable del c\u00e9sped natural a simple vista<strong>.\u00a0<\/strong>Muchos modelos se caracterizan tambi\u00e9n por su suavidad, caracter\u00edstica a tener en cuenta si se tienen ni\u00f1os, especialmente.<strong>\u00a0<\/strong>Su color est\u00e1 garantizado durante a\u00f1os.<\/p>\n<h3 class=\"et_pb_toggle_title\">4. Gran capacidad de drenaje<\/h3>\n<p><strong>Resistente\u00a0<\/strong>ante las inclemencias del tiempo: lluvia, sol, nieve o heladas. Gran capacidad de\u00a0<strong>drenaje<\/strong>, as\u00ed que si la superficie antes de instalar el c\u00e9sped artificial no se encharcaba, ahora tampoco lo har\u00e1. De hecho, el c\u00e9sped artificial de Cuarzo vector solutions sl drena entre 50 y 60L por metro cuadrado cada minuto.<\/p>\n<h3 class=\"et_pb_toggle_title\">5. Es un producto limpio e higi\u00e9nico<\/h3>\n<p>No produce\u00a0<strong>ning\u00fan problema de salud<\/strong>, ni irritaciones, ni reacciones al\u00e9rgicas de ning\u00fan tipo.<\/p>\n<p>A diferencia del c\u00e9sped natural, el c\u00e9sped artificial\u00a0<strong>no acumula bacterias,<\/strong>\u00a0\u00e1caros, insectos o gusanos, ya que al ser artificial no les atrae tanto la superficie.<\/p>\n<h3 class=\"et_pb_toggle_title\">6. Es id\u00f3neo para instalarse alrededor de piscinas<\/h3>\n<p>Alrededor de una\u00a0<strong>piscina<\/strong>, es<strong>\u00a0antideslizante<\/strong>\u00a0y adem\u00e1s, es muy resistente a productos qu\u00edmicos: no le afecta el<strong>\u00a0cloro.\u00a0<\/strong>Es decir, nuestro c\u00e9sped no se decolora ni sus fibras se deterioran aunque est\u00e9 pegado a la piscina.<\/p>\n<h3 class=\"et_pb_toggle_title\">7. Apto para animales dom\u00e9sticos<\/h3>\n<p>Compatible con todo tipo de mascotas y\u00a0animales dom\u00e9sticos. Tenemos modelos de\u00a0c\u00e9sped artificial para perros,\u00a0gatos, etc.<\/p>\n<p>La acidez de su orina no los da\u00f1a y es muy f\u00e1cil limpiar el c\u00e9sped si\u00a0<strong>tu mascota hace sus necesidades<\/strong>\u00a0encima.\u00a0<strong>Admite limpieza<\/strong>\u00a0con productos no abrasivos, en casos extremos se pueden aplicar, siempre y cuando se diluyan significativamente.<\/p>\n<h3 class=\"et_pb_toggle_title\">8. Recomendado para uso infantil<\/h3>\n<p>Producto<strong>\u00a0id\u00f3neo para ni\u00f1os<\/strong>\u00a0y uso infantil en general. Nuestro c\u00e9sped artificial es perfecto para instalarse en viviendas de familias con hijos, guarder\u00edas, colegios, espacios de ocio, etc.<\/p>\n<h3 class=\"et_pb_toggle_title\">9. F\u00e1cil instalaci\u00f3n<\/h3>\n<p>Es muy f\u00e1cil realizar la instalaci\u00f3n de c\u00e9sped artificial, especialmente sobre\u00a0hormig\u00f3n\u00a0y\u00a0baldosa.\u00a0En ocasiones,<b>\u00a0instalar sobre<\/b>\u00a0<strong>tierra<\/strong>\u00a0es m\u00e1s complicado, ya que dependiendo del terreno ser\u00eda necesario obra menor (duraci\u00f3n m\u00e1xima dos d\u00edas), en el resto de lugares mencionados lo puede instalar cualquier persona, sin la necesidad de ser un profesional.<\/p>\n<p>De todos modos, en Cuarzo vector solutions sl contamos con\u00a0<strong>instaladores profesionales<\/strong>\u00a0que pueden llevarla a cabo sin ning\u00fan problema.<\/p>\n<h3 class=\"et_pb_toggle_title\">10. Econ\u00f3mico y sostenible<\/h3>\n<p>El c\u00e9sped artificial no necesita riego, por lo que se ahorrar\u00e1 el 100% del agua gastada anteriormente en el mantenimiento del c\u00e9sped artificial. Tampoco requiere ning\u00fan abono ni producto qu\u00edmico como fertilizantes, se deja de contaminar el suelo.<\/p>\n<p>&nbsp;<\/p>\n<h2><strong>Ventajas exclusivas de comprar en Cuarzo vector solutions sl<\/strong><\/h2>\n<p>&nbsp;<\/p>\n<p>&nbsp;<\/p>\n<ul>\n<li><strong>Instalaci\u00f3n en toda Espa\u00f1a:\u00a0<\/strong>aunque nuestra central est\u00e1 en Barcelona, servimos e instalamos en todo el pa\u00eds.<\/li>\n<\/ul>\n<ul>\n<li><strong>Garant\u00eda de Calidad:\u00a0<\/strong>en Cuarzo vector solutions sl, le ofrecemos una garant\u00eda de\u00a0<strong>12\u00a0a\u00f1os\u00a0<\/strong>para cualquiera de nuestros modelos.<\/li>\n<\/ul>\n<ul>\n<li><strong>Atenci\u00f3n al cliente:<\/strong>\u00a0t\u00e9cnicos especializados que le asesoran sobre productos e instalaciones cuando lo necesite.<\/li>\n<\/ul>\n<ul>\n<li><strong>Rapidez:<\/strong>\u00a0Env\u00edo de los productos y\u00a0<strong>muestras\u00a0<\/strong><strong>gratuitas<\/strong><strong>\u00a0en 24\/48h<\/strong>\u00a0a cualquier punto de la pen\u00ednsula. Tambi\u00e9n enviamos a islas.<\/li>\n<\/ul>\n<ul>\n<li><strong>Certificados y ensayos<\/strong>: Somos el \u00fanico fabricante que cuenta con modelos certificados como id\u00f3neos para\u00a0<strong>uso infantil y animales<\/strong>. Tenemos ensayos t\u00e9cnicos que avalan todas las propiedades y caracter\u00edsticas que exponemos.<\/li>\n<\/ul>\n<p>&nbsp;<\/p>\n<h4 style=\"text-align: center;\"><\/h4>\n<p>&nbsp;<\/p>\n","protected":false},"excerpt":{"rendered":"<p>&nbsp; &nbsp; &nbsp; &nbsp; &nbsp; Bienvenido al c\u00e9sped artificial del futuro. Cuarzo Vector Solutions sl, dispone de los modelos de c\u00e9sped artificial m\u00e1s modernos de la actualidad. Es puro realismo y resistencia, a la vez que suavidad y con la \u00faltima tecnolog\u00eda en recuperaci\u00f3n de la pisada. &nbsp; En la actualidad existen much\u00edsimos tipos de [&hellip;]<\/p>\n","protected":false},"author":1,"featured_media":0,"parent":0,"menu_order":0,"comment_status":"closed","ping_status":"closed","template":"","meta":{"site-sidebar-layout":"default","site-content-layout":"default","ast-site-content-layout":"","site-content-style":"default","site-sidebar-style":"default","ast-global-header-display":"","ast-banner-title-visibility":"","ast-main-header-display":"disabled","ast-hfb-above-header-display":"","ast-hfb-below-header-display":"","ast-hfb-mobile-header-display":"","site-post-title":"","ast-breadcrumbs-content":"","ast-featured-img":"disabled","footer-sml-layout":"disabled","theme-transparent-header-meta":"default","adv-header-id-meta":"","stick-header-meta":"","header-above-stick-meta":"","header-main-stick-meta":"","header-below-stick-meta":"","astra-migrate-meta-layouts":"default","ast-page-background-enabled":"default","ast-page-background-meta":{"desktop":{"background-color":"","background-image":"","background-repeat":"repeat","background-position":"center center","background-size":"auto","background-attachment":"scroll","background-type":"","background-media":"","overlay-type":"","overlay-color":"","overlay-opacity":"","overlay-gradient":""},"tablet":{"background-color":"","background-image":"","background-repeat":"repeat","background-position":"center center","background-size":"auto","background-attachment":"scroll","background-type":"","background-media":"","overlay-type":"","overlay-color":"","overlay-opacity":"","overlay-gradient":""},"mobile":{"background-color":"","background-image":"","background-repeat":"repeat","background-position":"center center","background-size":"auto","background-attachment":"scroll","background-type":"","background-media":"","overlay-type":"","overlay-color":"","overlay-opacity":"","overlay-gradient":""}},"ast-content-background-meta":{"desktop":{"background-color":"var(--ast-global-color-5)","background-image":"","background-repeat":"repeat","background-position":"center center","background-size":"auto","background-attachment":"scroll","background-type":"","background-media":"","overlay-type":"","overlay-color":"","overlay-opacity":"","overlay-gradient":""},"tablet":{"background-color":"var(--ast-global-color-5)","background-image":"","background-repeat":"repeat","background-position":"center center","background-size":"auto","background-attachment":"scroll","background-type":"","background-media":"","overlay-type":"","overlay-color":"","overlay-opacity":"","overlay-gradient":""},"mobile":{"background-color":"var(--ast-global-color-5)","background-image":"","background-repeat":"repeat","background-position":"center center","background-size":"auto","background-attachment":"scroll","background-type":"","background-media":"","overlay-type":"","overlay-color":"","overlay-opacity":"","overlay-gradient":""}},"_joinchat":[],"footnotes":""},"yoast_head":"<!-- This site is optimized with the Yoast SEO plugin v22.8 - https:\/\/yoast.com\/wordpress\/plugins\/seo\/ -->\n<title>Cuarzo Vector Solutions s.l - https:\/\/WWW.CUARZO VECTOR SOLUTIONS , SL<\/title>\n<meta name=\"robots\" content=\"index, follow, max-snippet:-1, max-image-preview:large, max-video-preview:-1\" \/>\n<link rel=\"canonical\" href=\"https:\/\/www.cuarzosolutions.site\/?page_id=587\" \/>\n<meta property=\"og:locale\" content=\"es_ES\" \/>\n<meta property=\"og:type\" content=\"article\" \/>\n<meta property=\"og:title\" content=\"Cuarzo Vector Solutions s.l - https:\/\/WWW.CUARZO VECTOR SOLUTIONS , SL\" \/>\n<meta property=\"og:description\" content=\"&nbsp; &nbsp; &nbsp; &nbsp; &nbsp; Bienvenido al c\u00e9sped artificial del futuro. Cuarzo Vector Solutions sl, dispone de los modelos de c\u00e9sped artificial m\u00e1s modernos de la actualidad. Es puro realismo y resistencia, a la vez que suavidad y con la \u00faltima tecnolog\u00eda en recuperaci\u00f3n de la pisada. &nbsp; En la actualidad existen much\u00edsimos tipos de [&hellip;]\" \/>\n<meta property=\"og:url\" content=\"https:\/\/www.cuarzosolutions.site\/?page_id=587\" \/>\n<meta property=\"og:site_name\" content=\"https:\/\/WWW.CUARZO VECTOR SOLUTIONS , SL\" \/>\n<meta property=\"article:modified_time\" content=\"2021-03-24T17:14:06+00:00\" \/>\n<meta property=\"og:image\" content=\"https:\/\/www.cuarzosolutions.site\/wp-content\/uploads\/2021\/03\/logo-300x116.jpg\" \/>\n<meta name=\"twitter:card\" content=\"summary_large_image\" \/>\n<meta name=\"twitter:label1\" content=\"Tiempo de lectura\" \/>\n\t<meta name=\"twitter:data1\" content=\"6 minutos\" \/>\n<script type=\"application\/ld+json\" class=\"yoast-schema-graph\">{\"@context\":\"https:\/\/schema.org\",\"@graph\":[{\"@type\":\"WebPage\",\"@id\":\"https:\/\/www.cuarzosolutions.site\/?page_id=587\",\"url\":\"https:\/\/www.cuarzosolutions.site\/?page_id=587\",\"name\":\"Cuarzo Vector Solutions s.l - https:\/\/WWW.CUARZO VECTOR SOLUTIONS , SL\",\"isPartOf\":{\"@id\":\"https:\/\/www.cuarzosolutions.site\/#website\"},\"primaryImageOfPage\":{\"@id\":\"https:\/\/www.cuarzosolutions.site\/?page_id=587#primaryimage\"},\"image\":{\"@id\":\"https:\/\/www.cuarzosolutions.site\/?page_id=587#primaryimage\"},\"thumbnailUrl\":\"https:\/\/www.cuarzosolutions.site\/wp-content\/uploads\/2021\/03\/logo-300x116.jpg\",\"datePublished\":\"2020-04-10T18:34:38+00:00\",\"dateModified\":\"2021-03-24T17:14:06+00:00\",\"breadcrumb\":{\"@id\":\"https:\/\/www.cuarzosolutions.site\/?page_id=587#breadcrumb\"},\"inLanguage\":\"es\",\"potentialAction\":[{\"@type\":\"ReadAction\",\"target\":[\"https:\/\/www.cuarzosolutions.site\/?page_id=587\"]}]},{\"@type\":\"ImageObject\",\"inLanguage\":\"es\",\"@id\":\"https:\/\/www.cuarzosolutions.site\/?page_id=587#primaryimage\",\"url\":\"https:\/\/www.cuarzosolutions.site\/wp-content\/uploads\/2021\/03\/logo.jpg\",\"contentUrl\":\"https:\/\/www.cuarzosolutions.site\/wp-content\/uploads\/2021\/03\/logo.jpg\",\"width\":1500,\"height\":582},{\"@type\":\"BreadcrumbList\",\"@id\":\"https:\/\/www.cuarzosolutions.site\/?page_id=587#breadcrumb\",\"itemListElement\":[{\"@type\":\"ListItem\",\"position\":1,\"name\":\"Portada\",\"item\":\"https:\/\/www.cuarzosolutions.site\/\"},{\"@type\":\"ListItem\",\"position\":2,\"name\":\"Cuarzo Vector Solutions s.l\"}]},{\"@type\":\"WebSite\",\"@id\":\"https:\/\/www.cuarzosolutions.site\/#website\",\"url\":\"https:\/\/www.cuarzosolutions.site\/\",\"name\":\"https:\/\/WWW.CUARZO VECTOR SOLUTIONS , SL\",\"description\":\"https:\/\/WWW.CUARZO VECTOR SOLUTIONS , SL\",\"publisher\":{\"@id\":\"https:\/\/www.cuarzosolutions.site\/#organization\"},\"potentialAction\":[{\"@type\":\"SearchAction\",\"target\":{\"@type\":\"EntryPoint\",\"urlTemplate\":\"https:\/\/www.cuarzosolutions.site\/?s={search_term_string}\"},\"query-input\":\"required name=search_term_string\"}],\"inLanguage\":\"es\"},{\"@type\":\"Organization\",\"@id\":\"https:\/\/www.cuarzosolutions.site\/#organization\",\"name\":\"https:\/\/WWW.CUARZO VECTOR SOLUTIONS , SL\",\"url\":\"https:\/\/www.cuarzosolutions.site\/\",\"logo\":{\"@type\":\"ImageObject\",\"inLanguage\":\"es\",\"@id\":\"https:\/\/www.cuarzosolutions.site\/#\/schema\/logo\/image\/\",\"url\":\"https:\/\/www.cuarzosolutions.site\/wp-content\/uploads\/2021\/03\/cropped-cropped-logo.jpg\",\"contentUrl\":\"https:\/\/www.cuarzosolutions.site\/wp-content\/uploads\/2021\/03\/cropped-cropped-logo.jpg\",\"width\":1097,\"height\":278,\"caption\":\"https:\/\/WWW.CUARZO VECTOR SOLUTIONS , SL\"},\"image\":{\"@id\":\"https:\/\/www.cuarzosolutions.site\/#\/schema\/logo\/image\/\"}}]}<\/script>\n<!-- \/ Yoast SEO plugin. -->","yoast_head_json":{"title":"Cuarzo Vector Solutions s.l - https:\/\/WWW.CUARZO VECTOR SOLUTIONS , SL","robots":{"index":"index","follow":"follow","max-snippet":"max-snippet:-1","max-image-preview":"max-image-preview:large","max-video-preview":"max-video-preview:-1"},"canonical":"https:\/\/www.cuarzosolutions.site\/?page_id=587","og_locale":"es_ES","og_type":"article","og_title":"Cuarzo Vector Solutions s.l - https:\/\/WWW.CUARZO VECTOR SOLUTIONS , SL","og_description":"&nbsp; &nbsp; &nbsp; &nbsp; &nbsp; Bienvenido al c\u00e9sped artificial del futuro. Cuarzo Vector Solutions sl, dispone de los modelos de c\u00e9sped artificial m\u00e1s modernos de la actualidad. Es puro realismo y resistencia, a la vez que suavidad y con la \u00faltima tecnolog\u00eda en recuperaci\u00f3n de la pisada. &nbsp; En la actualidad existen much\u00edsimos tipos de [&hellip;]","og_url":"https:\/\/www.cuarzosolutions.site\/?page_id=587","og_site_name":"https:\/\/WWW.CUARZO VECTOR SOLUTIONS , SL","article_modified_time":"2021-03-24T17:14:06+00:00","og_image":[{"url":"https:\/\/www.cuarzosolutions.site\/wp-content\/uploads\/2021\/03\/logo-300x116.jpg"}],"twitter_card":"summary_large_image","twitter_misc":{"Tiempo de lectura":"6 minutos"},"schema":{"@context":"https:\/\/schema.org","@graph":[{"@type":"WebPage","@id":"https:\/\/www.cuarzosolutions.site\/?page_id=587","url":"https:\/\/www.cuarzosolutions.site\/?page_id=587","name":"Cuarzo Vector Solutions s.l - https:\/\/WWW.CUARZO VECTOR SOLUTIONS , SL","isPartOf":{"@id":"https:\/\/www.cuarzosolutions.site\/#website"},"primaryImageOfPage":{"@id":"https:\/\/www.cuarzosolutions.site\/?page_id=587#primaryimage"},"image":{"@id":"https:\/\/www.cuarzosolutions.site\/?page_id=587#primaryimage"},"thumbnailUrl":"https:\/\/www.cuarzosolutions.site\/wp-content\/uploads\/2021\/03\/logo-300x116.jpg","datePublished":"2020-04-10T18:34:38+00:00","dateModified":"2021-03-24T17:14:06+00:00","breadcrumb":{"@id":"https:\/\/www.cuarzosolutions.site\/?page_id=587#breadcrumb"},"inLanguage":"es","potentialAction":[{"@type":"ReadAction","target":["https:\/\/www.cuarzosolutions.site\/?page_id=587"]}]},{"@type":"ImageObject","inLanguage":"es","@id":"https:\/\/www.cuarzosolutions.site\/?page_id=587#primaryimage","url":"https:\/\/www.cuarzosolutions.site\/wp-content\/uploads\/2021\/03\/logo.jpg","contentUrl":"https:\/\/www.cuarzosolutions.site\/wp-content\/uploads\/2021\/03\/logo.jpg","width":1500,"height":582},{"@type":"BreadcrumbList","@id":"https:\/\/www.cuarzosolutions.site\/?page_id=587#breadcrumb","itemListElement":[{"@type":"ListItem","position":1,"name":"Portada","item":"https:\/\/www.cuarzosolutions.site\/"},{"@type":"ListItem","position":2,"name":"Cuarzo Vector Solutions s.l"}]},{"@type":"WebSite","@id":"https:\/\/www.cuarzosolutions.site\/#website","url":"https:\/\/www.cuarzosolutions.site\/","name":"https:\/\/WWW.CUARZO VECTOR SOLUTIONS , SL","description":"https:\/\/WWW.CUARZO VECTOR SOLUTIONS , SL","publisher":{"@id":"https:\/\/www.cuarzosolutions.site\/#organization"},"potentialAction":[{"@type":"SearchAction","target":{"@type":"EntryPoint","urlTemplate":"https:\/\/www.cuarzosolutions.site\/?s={search_term_string}"},"query-input":"required name=search_term_string"}],"inLanguage":"es"},{"@type":"Organization","@id":"https:\/\/www.cuarzosolutions.site\/#organization","name":"https:\/\/WWW.CUARZO VECTOR SOLUTIONS , SL","url":"https:\/\/www.cuarzosolutions.site\/","logo":{"@type":"ImageObject","inLanguage":"es","@id":"https:\/\/www.cuarzosolutions.site\/#\/schema\/logo\/image\/","url":"https:\/\/www.cuarzosolutions.site\/wp-content\/uploads\/2021\/03\/cropped-cropped-logo.jpg","contentUrl":"https:\/\/www.cuarzosolutions.site\/wp-content\/uploads\/2021\/03\/cropped-cropped-logo.jpg","width":1097,"height":278,"caption":"https:\/\/WWW.CUARZO VECTOR SOLUTIONS , SL"},"image":{"@id":"https:\/\/www.cuarzosolutions.site\/#\/schema\/logo\/image\/"}}]}},"_links":{"self":[{"href":"https:\/\/www.cuarzosolutions.site\/index.php?rest_route=\/wp\/v2\/pages\/587"}],"collection":[{"href":"https:\/\/www.cuarzosolutions.site\/index.php?rest_route=\/wp\/v2\/pages"}],"about":[{"href":"https:\/\/www.cuarzosolutions.site\/index.php?rest_route=\/wp\/v2\/types\/page"}],"author":[{"embeddable":true,"href":"https:\/\/www.cuarzosolutions.site\/index.php?rest_route=\/wp\/v2\/users\/1"}],"replies":[{"embeddable":true,"href":"https:\/\/www.cuarzosolutions.site\/index.php?rest_route=%2Fwp%2Fv2%2Fcomments&post=587"}],"version-history":[{"count":13,"href":"https:\/\/www.cuarzosolutions.site\/index.php?rest_route=\/wp\/v2\/pages\/587\/revisions"}],"predecessor-version":[{"id":676,"href":"https:\/\/www.cuarzosolutions.site\/index.php?rest_route=\/wp\/v2\/pages\/587\/revisions\/676"}],"wp:attachment":[{"href":"https:\/\/www.cuarzosolutions.site\/index.php?rest_route=%2Fwp%2Fv2%2Fmedia&parent=587"}],"curies":[{"name":"wp","href":"https:\/\/api.w.org\/{rel}","templated":true}]}}