{"id":547,"date":"2020-04-07T11:11:34","date_gmt":"2020-04-07T11:11:34","guid":{"rendered":"https:\/\/www.cuarzosolutions.site\/?page_id=547"},"modified":"2020-04-07T14:49:45","modified_gmt":"2020-04-07T14:49:45","slug":"politica-de-cookies","status":"publish","type":"page","link":"https:\/\/www.cuarzosolutions.site\/?page_id=547","title":{"rendered":"Pol\u00edtica de cookies"},"content":{"rendered":"<p>En esta web recopilo y utilizo la informaci\u00f3n seg\u00fan indico en mi pol\u00edtica de privacidad. Una de las formas en las que recopil\u00f3 informaci\u00f3n es a trav\u00e9s del uso de la tecnolog\u00eda llamada \u201ccookies\u201d. En CUARZOSOLUTIONS.SITE se utilizan cookies para varias cosas.<\/p>\n<p>&nbsp;<\/p>\n<p>\u00bfQu\u00e9 es una cookie?<\/p>\n<p>Una \u201ccookie\u201d es una peque\u00f1a cantidad de texto que se almacena en tu navegador (como Chrome de Google o Safari de Apple) cuando navegas por la mayor\u00eda de los sitios web.<\/p>\n<p>&nbsp;<\/p>\n<p>\u00bfQu\u00e9 NO es una cookie?<\/p>\n<p>No es un virus, ni un troyano, ni un gusano, ni spam, ni spyware, ni abre ventanas pop-up.<\/p>\n<p>&nbsp;<\/p>\n<p>\u00bfQu\u00e9 informaci\u00f3n almacena una cookie?<\/p>\n<p>Las cookies no suelen almacenar informaci\u00f3n sensible sobre usted, como tarjetas de cr\u00e9dito o datos bancarios, fotograf\u00edas o informaci\u00f3n personal, etc. Los datos que guardan son de car\u00e1cter t\u00e9cnico, estad\u00edsticos, preferencias personales, personalizaci\u00f3n de contenidos, etc.<\/p>\n<p>El servidor web no le asocia a usted como persona sino a su navegador web. De hecho, si usted navega habitualmente con el navegador Chrome y prueba a navegar por la misma web con el navegador Firefox, ver\u00e1 que la web no se da cuenta que es usted la misma persona porque en realidad est\u00e1 asociando la informaci\u00f3n al navegador, no a la persona.<\/p>\n<p>&nbsp;<\/p>\n<p>\u00bfQu\u00e9 tipo de cookies existen?<\/p>\n<ul>\n<li><strong>Cookies t\u00e9cnicas:<\/strong>Son las m\u00e1s elementales y permiten, entre otras cosas, saber cu\u00e1ndo est\u00e1 navegando un humano o una aplicaci\u00f3n automatizada, cu\u00e1ndo navega un usuario an\u00f3nimo y uno registrado, tareas b\u00e1sicas para el funcionamiento de cualquier web din\u00e1mica.<\/li>\n<li><strong>Cookies de an\u00e1lisis:<\/strong>Recogen informaci\u00f3n sobre el tipo de navegaci\u00f3n que est\u00e1 realizando, las secciones que m\u00e1s utiliza, productos consultados, franja horaria de uso, idioma, etc.<\/li>\n<li><strong>Cookies publicitarias:<\/strong>Muestran publicidad en funci\u00f3n de su navegaci\u00f3n, su pa\u00eds de procedencia, idioma, etc.<\/li>\n<li><\/li>\n<\/ul>\n<p>\u00bfQu\u00e9 son las cookies propias y las de terceros?<\/p>\n<p>Las cookies propias son las generadas por la p\u00e1gina que est\u00e1 visitando y las de terceros son las generadas por servicios o proveedores externos como Mailchimp, Facebook, Twitter, Google adsense, etc.<\/p>\n<p>&nbsp;<\/p>\n<p>\u00bfQu\u00e9 cookies utiliza esta web?<\/p>\n<p>Esta web utiliza cookies propias y de terceros. En este sitio web se utilizan las siguientes cookies que se detallan a continuaci\u00f3n:<\/p>\n<p>&nbsp;<\/p>\n<p>Cookies propias:<\/p>\n<p><strong>Inicio de sesi\u00f3n:<\/strong>\u00a0Las cookies para iniciar sesi\u00f3n te permiten entrar y salir de tu cuenta de CUARZOSOLUTIONS.SITE<\/p>\n<p><strong>Personalizaci\u00f3n:<\/strong>\u00a0Las cookies me ayudan a recordar con qu\u00e9 personas o sitios web has interactuado, para que pueda mostrarte contenido relacionado.<\/p>\n<p><strong>Preferencias:<\/strong>\u00a0Las cookies me permiten recordar tus ajustes y preferencias, como el idioma preferido y tu configuraci\u00f3n de privacidad.<\/p>\n<p><strong>Seguridad:<\/strong>\u00a0Utilizo cookies para evitarte riesgos de seguridad. Principalmente para detectar cu\u00e1ndo alguien est\u00e1 intentando piratear tu cuenta de CUARZOSOLUTIONS.SITE.<\/p>\n<p>&nbsp;<\/p>\n<p>Cookies de terceros<\/p>\n<p>Esta web utiliza servicios de an\u00e1lisis, concretamente, Google Analytics para ayudar al website a analizar el uso que hacen los usuarios del sitio web y mejorar la usabilidad del mismo, pero en ning\u00fan caso se asocian a datos que pudieran llegar a identificar al usuario. Google Analytics, es un servicio anal\u00edtico de web prestado por Google, Inc., El usuario puede consultar\u00a0<a href=\"https:\/\/www.google.es\/intl\/es\/policies\/technologies\/types\/\">aqu\u00ed<\/a>\u00a0el tipo de cookies utilizadas por Google.<\/p>\n<p>RESPONSABLELEGAL es usuario de la plataforma de suministro y alojamiento de blogs\u00a0<strong>WordPress<\/strong>, propiedad de la empresa norteamericana Automattic, Inc. A tales efectos, los usos de tales cookies por los sistemas nunca est\u00e1n bajo control o gesti\u00f3n del responsable de la web, pueden cambiar su funci\u00f3n en cualquier momento, y entrar cookies nuevas. Estas cookies tampoco reportan al responsable de esta web beneficio alguno. Automattic, Inc., utiliza adem\u00e1s otras cookies con la finalidad de ayudar a identificar y rastrear a los visitantes de los sitios de\u00a0<strong>WordPress<\/strong>, conocer el uso que hacen del sitio web de Automattic, as\u00ed como sus preferencias de acceso al mismo, tal y como se recoge en el apartado \u201cCookies\u201d de su pol\u00edtica de privacidad.<\/p>\n<p>Las cookies de redes sociales pueden almacenarse en su navegador mientras navega por https:\/CUARZOSOLUTIONS.SITE \u00a0por ejemplo, cuando utiliza el bot\u00f3n de compartir contenidos de https:\/\/www.cuarzosolutions.site \u00a0\u00a0en alguna red social.<\/p>\n<p>A continuaci\u00f3n tienes informaci\u00f3n sobre las cookies de las redes sociales que utiliza esta web en sus propias pol\u00edticas de cookies:<\/p>\n<ul>\n<li>Cookies de Facebook, ver m\u00e1s informaci\u00f3n en su\u00a0<a href=\"https:\/\/www.facebook.com\/policies\/cookies\/\">pol\u00edtica de cookies<\/a><\/li>\n<li>Cookies de Twitter, ver m\u00e1s informaci\u00f3n en su\u00a0<a href=\"https:\/\/twitter.com\/privacy\">pol\u00edtica de cookies<\/a><\/li>\n<li>Cookies de Instagram, ver m\u00e1s informaci\u00f3n en su\u00a0<a href=\"https:\/\/www.facebook.com\/policies\/cookies\/\">pol\u00edtica de cookies<\/a><\/li>\n<li>Cookies de Google+, ver m\u00e1s informaci\u00f3n en su\u00a0<a href=\"http:\/\/www.google.com\/intl\/es\/policies\/technologies\/types\/\">pol\u00edtica de cookies<\/a><\/li>\n<li>Cookies de Linkedin, ver m\u00e1s informaci\u00f3n en su\u00a0<a href=\"https:\/\/www.linkedin.com\/legal\/cookie-policy?trk=hp-cookies\">pol\u00edtica de cookies<\/a><\/li>\n<li>Cookies de Pinterest, ver m\u00e1s informaci\u00f3n en su\u00a0<a href=\"https:\/\/policy.pinterest.com\/es\/cookies\">pol\u00edtica de cookies<\/a><\/li>\n<li>Cookies de Youtube, ver m\u00e1s informaci\u00f3n en su\u00a0<a href=\"http:\/\/www.google.com\/intl\/es\/policies\/technologies\/types\/\">pol\u00edtica de cookies<\/a><\/li>\n<\/ul>\n<p>Llevo a cabo acciones de remarketing mediante\u00a0<strong>Google AdWords<\/strong>, que utiliza las cookies para ayudarme a ofrecer anuncios en l\u00ednea espec\u00edfico basado en visitas anteriores a mi sitio web.\u00a0<strong>Google<\/strong>\u00a0utiliza esta informaci\u00f3n para mostrar anuncios en varios sitios web de terceros a trav\u00e9s de Internet. Estas cookies est\u00e1n a punto de expirar y no contienen informaci\u00f3n que pueda identificarle personalmente. Por favor dir\u00edgete a la\u00a0<a href=\"http:\/\/www.google.com\/privacy\/ads\/\">publicidad de Google Aviso de privacidad<\/a>\u00a0para obtener m\u00e1s informaci\u00f3n.<\/p>\n<p>Llevo a cabo acciones de remarketing mediante\u00a0<strong>Facebook ads<\/strong>, que utiliza las cookies para ayudarme a ofrecer anuncios en l\u00ednea espec\u00edfico basado en visitas anteriores a mi sitio web.<\/p>\n<p>Realizo acciones de remarketing mediante\u00a0<strong>Twitter ads<\/strong>, que utiliza las cookies para ayudarme a ofrecer anuncios en l\u00ednea espec\u00edfico basado en visitas anteriores a mi sitio web.<\/p>\n<p>En CUARZOSOLUTIONS.SITE gestiono la campa\u00f1as de publicidad mediante la herramienta\u00a0<strong>DoubleClick<\/strong>\u00a0que me permite recopilar toda la informaci\u00f3n sobre mi audiencia de manera centralizada.\u00a0<strong>DoubleClick<\/strong>\u00a0usa las cookies para mejorar la publicidad. Las cookies suelen usarse com\u00fanmente para orientar anuncios basados en contenido relevante para un usuario, mejorar los informes de rendimiento de la campa\u00f1a y evitar mostrar anuncios que el usuario ya haya visto.<\/p>\n<p><strong>DoubleClick<\/strong>\u00a0usa ID de cookies para tener un registro de qu\u00e9 anuncios se han mostrado en determinados navegadores. En el momento de publicar un anuncio en un navegador, puede usar el ID de cookie de dicho navegador para comprobar qu\u00e9 anuncios ya se han mostrado en ese navegador en concreto. As\u00ed es como se evita mostrar anuncios que el usuario ya ha visto. Del mismo modo, los ID de cookies permiten a\u00a0<strong>DoubleClick\u00a0<\/strong>registrar las conversiones relativas a las solicitudes de anuncios, como cuando un usuario ve un anuncio de\u00a0<strong>DoubleClick<\/strong>\u00a0y, m\u00e1s adelante, usa el mismo navegador para visitar el sitio web del anunciante y realizar una compra.<\/p>\n<p>Como usuario de Internet, en cualquier momento podr\u00e1s proceder al borrado de la informaci\u00f3n referente a tus h\u00e1bitos de navegaci\u00f3n, y el perfil relacionado que ha generado los referidos h\u00e1bitos, accediendo de forma directa y gratuita a:\u00a0<a href=\"https:\/\/www.google.com\/settings\/ads\/preferences?hl=es\">https:\/\/www.google.com\/settings\/ads\/preferences?hl=es<\/a>. Si un usuario inhabilita esta funci\u00f3n, el ID de cookie \u00fanico de\u00a0<strong>DoubleClick<\/strong>\u00a0en el navegador del usuario se sobrescribe con la fase \u201cOPT_OUT\u201d. Debido a que ya no existe un ID de cookie \u00fanico, la cookie inhabilitada no se puede asociar con un determinado navegador.<\/p>\n<p>&nbsp;<\/p>\n<p>\u00bfSe pueden eliminar las cookies?<\/p>\n<p>S\u00ed, y no s\u00f3lo eliminar, tambi\u00e9n bloquear, de forma general o particular para un dominio espec\u00edfico.<br \/>\nPara eliminar las cookies de un sitio web debe ir a la configuraci\u00f3n de su navegador y all\u00ed podr\u00e1 buscar las asociadas al dominio en cuesti\u00f3n y proceder a su eliminaci\u00f3n.<\/p>\n<ul>\n<li>Configuraci\u00f3n de cookies para\u00a0<a href=\"http:\/\/support.google.com\/chrome\/bin\/answer.py?hl=es&amp;answer=95647\">Google Chrome<\/a><\/li>\n<li>Configuraci\u00f3n de cookies para\u00a0<a href=\"https:\/\/support.apple.com\/es-es\/HT201265\">Apple Safari<\/a><\/li>\n<li>Configuraci\u00f3n de cookies para\u00a0<a href=\"https:\/\/support.microsoft.com\/en-us\/help\/17442\/windows-internet-explorer-delete-manage-cookies#ie=ie-10\">Internet Explorer<\/a><\/li>\n<li>Configuraci\u00f3n de cookies para\u00a0<a href=\"https:\/\/support.mozilla.org\/es\/kb\/habilitar-y-deshabilitar-cookies-sitios-web-rastrear-preferencias?redirectlocale=es&amp;redirectslug=habilitar-y-deshabilitar-cookies-que-los-sitios-we\">Mozilla Firefox<\/a><\/li>\n<\/ul>\n<p>&nbsp;<\/p>\n<p>M\u00e1s informaci\u00f3n sobre las cookies<\/p>\n<p>Puedes consultar el reglamento sobre cookies publicado por la Agencia Espa\u00f1ola de Protecci\u00f3n de Datos en su \u201cGu\u00eda sobre el uso de las cookies\u201d y obtener m\u00e1s informaci\u00f3n sobre las cookies en Internet,\u00a0<a href=\"http:\/\/www.aboutcookies.org\/\">http:\/\/www.aboutcookies.org\/<\/a><\/p>\n<p>Si desea tener un mayor control sobre la instalaci\u00f3n de cookies, puede instalar programas o complementos a su navegador, conocidos como herramientas de \u201cDo Not Track\u201d, que le permitir\u00e1n escoger aquellas cookies que desea permitir.<\/p>\n<p>&nbsp;<\/p>\n<p>Esta pol\u00edtica de cookies ha sido revisado el 20-Julio-2018.<\/p>\n<p>&nbsp;<\/p>\n","protected":false},"excerpt":{"rendered":"<p>En esta web recopilo y utilizo la informaci\u00f3n seg\u00fan indico en mi pol\u00edtica de privacidad. Una de las formas en las que recopil\u00f3 informaci\u00f3n es a trav\u00e9s del uso de la tecnolog\u00eda llamada \u201ccookies\u201d. En CUARZOSOLUTIONS.SITE se utilizan cookies para varias cosas. &nbsp; \u00bfQu\u00e9 es una cookie? Una \u201ccookie\u201d es una peque\u00f1a cantidad de texto [&hellip;]<\/p>\n","protected":false},"author":1,"featured_media":0,"parent":551,"menu_order":0,"comment_status":"closed","ping_status":"closed","template":"","meta":{"site-sidebar-layout":"default","site-content-layout":"default","ast-site-content-layout":"","site-content-style":"default","site-sidebar-style":"default","ast-global-header-display":"","ast-banner-title-visibility":"","ast-main-header-display":"","ast-hfb-above-header-display":"","ast-hfb-below-header-display":"","ast-hfb-mobile-header-display":"","site-post-title":"","ast-breadcrumbs-content":"","ast-featured-img":"","footer-sml-layout":"","theme-transparent-header-meta":"default","adv-header-id-meta":"","stick-header-meta":"","header-above-stick-meta":"","header-main-stick-meta":"","header-below-stick-meta":"","astra-migrate-meta-layouts":"default","ast-page-background-enabled":"default","ast-page-background-meta":{"desktop":{"background-color":"","background-image":"","background-repeat":"repeat","background-position":"center center","background-size":"auto","background-attachment":"scroll","background-type":"","background-media":"","overlay-type":"","overlay-color":"","overlay-opacity":"","overlay-gradient":""},"tablet":{"background-color":"","background-image":"","background-repeat":"repeat","background-position":"center center","background-size":"auto","background-attachment":"scroll","background-type":"","background-media":"","overlay-type":"","overlay-color":"","overlay-opacity":"","overlay-gradient":""},"mobile":{"background-color":"","background-image":"","background-repeat":"repeat","background-position":"center center","background-size":"auto","background-attachment":"scroll","background-type":"","background-media":"","overlay-type":"","overlay-color":"","overlay-opacity":"","overlay-gradient":""}},"ast-content-background-meta":{"desktop":{"background-color":"var(--ast-global-color-5)","background-image":"","background-repeat":"repeat","background-position":"center center","background-size":"auto","background-attachment":"scroll","background-type":"","background-media":"","overlay-type":"","overlay-color":"","overlay-opacity":"","overlay-gradient":""},"tablet":{"background-color":"var(--ast-global-color-5)","background-image":"","background-repeat":"repeat","background-position":"center center","background-size":"auto","background-attachment":"scroll","background-type":"","background-media":"","overlay-type":"","overlay-color":"","overlay-opacity":"","overlay-gradient":""},"mobile":{"background-color":"var(--ast-global-color-5)","background-image":"","background-repeat":"repeat","background-position":"center center","background-size":"auto","background-attachment":"scroll","background-type":"","background-media":"","overlay-type":"","overlay-color":"","overlay-opacity":"","overlay-gradient":""}},"_joinchat":[],"footnotes":""},"yoast_head":"<!-- This site is optimized with the Yoast SEO plugin v22.8 - https:\/\/yoast.com\/wordpress\/plugins\/seo\/ -->\n<title>Pol\u00edtica de cookies - https:\/\/WWW.CUARZO VECTOR SOLUTIONS , SL<\/title>\n<meta name=\"robots\" content=\"index, nofollow, max-snippet:-1, max-image-preview:large, max-video-preview:-1\" \/>\n<link rel=\"canonical\" href=\"https:\/\/www.cuarzosolutions.site\/?page_id=547\" \/>\n<meta property=\"og:locale\" content=\"es_ES\" \/>\n<meta property=\"og:type\" content=\"article\" \/>\n<meta property=\"og:title\" content=\"Pol\u00edtica de cookies - https:\/\/WWW.CUARZO VECTOR SOLUTIONS , SL\" \/>\n<meta property=\"og:description\" content=\"En esta web recopilo y utilizo la informaci\u00f3n seg\u00fan indico en mi pol\u00edtica de privacidad. Una de las formas en las que recopil\u00f3 informaci\u00f3n es a trav\u00e9s del uso de la tecnolog\u00eda llamada \u201ccookies\u201d. En CUARZOSOLUTIONS.SITE se utilizan cookies para varias cosas. &nbsp; \u00bfQu\u00e9 es una cookie? Una \u201ccookie\u201d es una peque\u00f1a cantidad de texto [&hellip;]\" \/>\n<meta property=\"og:url\" content=\"https:\/\/www.cuarzosolutions.site\/?page_id=547\" \/>\n<meta property=\"og:site_name\" content=\"https:\/\/WWW.CUARZO VECTOR SOLUTIONS , SL\" \/>\n<meta property=\"article:modified_time\" content=\"2020-04-07T14:49:45+00:00\" \/>\n<meta name=\"twitter:card\" content=\"summary_large_image\" \/>\n<meta name=\"twitter:label1\" content=\"Tiempo de lectura\" \/>\n\t<meta name=\"twitter:data1\" content=\"7 minutos\" \/>\n<script type=\"application\/ld+json\" class=\"yoast-schema-graph\">{\"@context\":\"https:\/\/schema.org\",\"@graph\":[{\"@type\":\"WebPage\",\"@id\":\"https:\/\/www.cuarzosolutions.site\/?page_id=547\",\"url\":\"https:\/\/www.cuarzosolutions.site\/?page_id=547\",\"name\":\"Pol\u00edtica de cookies - https:\/\/WWW.CUARZO VECTOR SOLUTIONS , SL\",\"isPartOf\":{\"@id\":\"https:\/\/www.cuarzosolutions.site\/#website\"},\"datePublished\":\"2020-04-07T11:11:34+00:00\",\"dateModified\":\"2020-04-07T14:49:45+00:00\",\"breadcrumb\":{\"@id\":\"https:\/\/www.cuarzosolutions.site\/?page_id=547#breadcrumb\"},\"inLanguage\":\"es\",\"potentialAction\":[{\"@type\":\"ReadAction\",\"target\":[\"https:\/\/www.cuarzosolutions.site\/?page_id=547\"]}]},{\"@type\":\"BreadcrumbList\",\"@id\":\"https:\/\/www.cuarzosolutions.site\/?page_id=547#breadcrumb\",\"itemListElement\":[{\"@type\":\"ListItem\",\"position\":1,\"name\":\"Portada\",\"item\":\"https:\/\/www.cuarzosolutions.site\/\"},{\"@type\":\"ListItem\",\"position\":2,\"name\":\"Pol\u00edtica de privacidad\",\"item\":\"https:\/\/www.cuarzosolutions.site\/?page_id=551\"},{\"@type\":\"ListItem\",\"position\":3,\"name\":\"Pol\u00edtica de cookies\"}]},{\"@type\":\"WebSite\",\"@id\":\"https:\/\/www.cuarzosolutions.site\/#website\",\"url\":\"https:\/\/www.cuarzosolutions.site\/\",\"name\":\"https:\/\/WWW.CUARZO VECTOR SOLUTIONS , SL\",\"description\":\"https:\/\/WWW.CUARZO VECTOR SOLUTIONS , SL\",\"publisher\":{\"@id\":\"https:\/\/www.cuarzosolutions.site\/#organization\"},\"potentialAction\":[{\"@type\":\"SearchAction\",\"target\":{\"@type\":\"EntryPoint\",\"urlTemplate\":\"https:\/\/www.cuarzosolutions.site\/?s={search_term_string}\"},\"query-input\":\"required name=search_term_string\"}],\"inLanguage\":\"es\"},{\"@type\":\"Organization\",\"@id\":\"https:\/\/www.cuarzosolutions.site\/#organization\",\"name\":\"https:\/\/WWW.CUARZO VECTOR SOLUTIONS , SL\",\"url\":\"https:\/\/www.cuarzosolutions.site\/\",\"logo\":{\"@type\":\"ImageObject\",\"inLanguage\":\"es\",\"@id\":\"https:\/\/www.cuarzosolutions.site\/#\/schema\/logo\/image\/\",\"url\":\"https:\/\/www.cuarzosolutions.site\/wp-content\/uploads\/2021\/03\/cropped-cropped-logo.jpg\",\"contentUrl\":\"https:\/\/www.cuarzosolutions.site\/wp-content\/uploads\/2021\/03\/cropped-cropped-logo.jpg\",\"width\":1097,\"height\":278,\"caption\":\"https:\/\/WWW.CUARZO VECTOR SOLUTIONS , SL\"},\"image\":{\"@id\":\"https:\/\/www.cuarzosolutions.site\/#\/schema\/logo\/image\/\"}}]}<\/script>\n<!-- \/ Yoast SEO plugin. -->","yoast_head_json":{"title":"Pol\u00edtica de cookies - https:\/\/WWW.CUARZO VECTOR SOLUTIONS , SL","robots":{"index":"index","follow":"nofollow","max-snippet":"max-snippet:-1","max-image-preview":"max-image-preview:large","max-video-preview":"max-video-preview:-1"},"canonical":"https:\/\/www.cuarzosolutions.site\/?page_id=547","og_locale":"es_ES","og_type":"article","og_title":"Pol\u00edtica de cookies - https:\/\/WWW.CUARZO VECTOR SOLUTIONS , SL","og_description":"En esta web recopilo y utilizo la informaci\u00f3n seg\u00fan indico en mi pol\u00edtica de privacidad. Una de las formas en las que recopil\u00f3 informaci\u00f3n es a trav\u00e9s del uso de la tecnolog\u00eda llamada \u201ccookies\u201d. En CUARZOSOLUTIONS.SITE se utilizan cookies para varias cosas. &nbsp; \u00bfQu\u00e9 es una cookie? Una \u201ccookie\u201d es una peque\u00f1a cantidad de texto [&hellip;]","og_url":"https:\/\/www.cuarzosolutions.site\/?page_id=547","og_site_name":"https:\/\/WWW.CUARZO VECTOR SOLUTIONS , SL","article_modified_time":"2020-04-07T14:49:45+00:00","twitter_card":"summary_large_image","twitter_misc":{"Tiempo de lectura":"7 minutos"},"schema":{"@context":"https:\/\/schema.org","@graph":[{"@type":"WebPage","@id":"https:\/\/www.cuarzosolutions.site\/?page_id=547","url":"https:\/\/www.cuarzosolutions.site\/?page_id=547","name":"Pol\u00edtica de cookies - https:\/\/WWW.CUARZO VECTOR SOLUTIONS , SL","isPartOf":{"@id":"https:\/\/www.cuarzosolutions.site\/#website"},"datePublished":"2020-04-07T11:11:34+00:00","dateModified":"2020-04-07T14:49:45+00:00","breadcrumb":{"@id":"https:\/\/www.cuarzosolutions.site\/?page_id=547#breadcrumb"},"inLanguage":"es","potentialAction":[{"@type":"ReadAction","target":["https:\/\/www.cuarzosolutions.site\/?page_id=547"]}]},{"@type":"BreadcrumbList","@id":"https:\/\/www.cuarzosolutions.site\/?page_id=547#breadcrumb","itemListElement":[{"@type":"ListItem","position":1,"name":"Portada","item":"https:\/\/www.cuarzosolutions.site\/"},{"@type":"ListItem","position":2,"name":"Pol\u00edtica de privacidad","item":"https:\/\/www.cuarzosolutions.site\/?page_id=551"},{"@type":"ListItem","position":3,"name":"Pol\u00edtica de cookies"}]},{"@type":"WebSite","@id":"https:\/\/www.cuarzosolutions.site\/#website","url":"https:\/\/www.cuarzosolutions.site\/","name":"https:\/\/WWW.CUARZO VECTOR SOLUTIONS , SL","description":"https:\/\/WWW.CUARZO VECTOR SOLUTIONS , SL","publisher":{"@id":"https:\/\/www.cuarzosolutions.site\/#organization"},"potentialAction":[{"@type":"SearchAction","target":{"@type":"EntryPoint","urlTemplate":"https:\/\/www.cuarzosolutions.site\/?s={search_term_string}"},"query-input":"required name=search_term_string"}],"inLanguage":"es"},{"@type":"Organization","@id":"https:\/\/www.cuarzosolutions.site\/#organization","name":"https:\/\/WWW.CUARZO VECTOR SOLUTIONS , SL","url":"https:\/\/www.cuarzosolutions.site\/","logo":{"@type":"ImageObject","inLanguage":"es","@id":"https:\/\/www.cuarzosolutions.site\/#\/schema\/logo\/image\/","url":"https:\/\/www.cuarzosolutions.site\/wp-content\/uploads\/2021\/03\/cropped-cropped-logo.jpg","contentUrl":"https:\/\/www.cuarzosolutions.site\/wp-content\/uploads\/2021\/03\/cropped-cropped-logo.jpg","width":1097,"height":278,"caption":"https:\/\/WWW.CUARZO VECTOR SOLUTIONS , SL"},"image":{"@id":"https:\/\/www.cuarzosolutions.site\/#\/schema\/logo\/image\/"}}]}},"_links":{"self":[{"href":"https:\/\/www.cuarzosolutions.site\/index.php?rest_route=\/wp\/v2\/pages\/547"}],"collection":[{"href":"https:\/\/www.cuarzosolutions.site\/index.php?rest_route=\/wp\/v2\/pages"}],"about":[{"href":"https:\/\/www.cuarzosolutions.site\/index.php?rest_route=\/wp\/v2\/types\/page"}],"author":[{"embeddable":true,"href":"https:\/\/www.cuarzosolutions.site\/index.php?rest_route=\/wp\/v2\/users\/1"}],"replies":[{"embeddable":true,"href":"https:\/\/www.cuarzosolutions.site\/index.php?rest_route=%2Fwp%2Fv2%2Fcomments&post=547"}],"version-history":[{"count":1,"href":"https:\/\/www.cuarzosolutions.site\/index.php?rest_route=\/wp\/v2\/pages\/547\/revisions"}],"predecessor-version":[{"id":550,"href":"https:\/\/www.cuarzosolutions.site\/index.php?rest_route=\/wp\/v2\/pages\/547\/revisions\/550"}],"up":[{"embeddable":true,"href":"https:\/\/www.cuarzosolutions.site\/index.php?rest_route=\/wp\/v2\/pages\/551"}],"wp:attachment":[{"href":"https:\/\/www.cuarzosolutions.site\/index.php?rest_route=%2Fwp%2Fv2%2Fmedia&parent=547"}],"curies":[{"name":"wp","href":"https:\/\/api.w.org\/{rel}","templated":true}]}}